{"id":154,"date":"2025-08-05T02:36:37","date_gmt":"2025-08-05T02:36:37","guid":{"rendered":"https:\/\/demo.bravisthemes.com\/dentia\/?page_id=154"},"modified":"2026-04-16T13:54:26","modified_gmt":"2026-04-16T13:54:26","slug":"our-dentists","status":"publish","type":"page","link":"https:\/\/turkey-clinic.com\/fr\/our-dentists\/","title":{"rendered":"Our Dentists"},"content":{"rendered":"<div data-elementor-type=\"wp-page\" data-elementor-id=\"154\" class=\"elementor elementor-154\" data-elementor-post-type=\"page\">\n\t\t\t\t<div class=\"elementor-element elementor-element-c8cdcf4 e-flex e-con-boxed pxl-column-none pxl-row-scroll-none pxl-zoom-point-false pxl-section-overflow-visible pxl-section-fix-none pxl-full-content-with-space-none pxl-bg-color-none pxl-section-overlay-none e-con e-parent\" data-id=\"c8cdcf4\" data-element_type=\"container\" data-e-type=\"container\">\t\t\t<div class=\"e-con-inner\">\r\n\t\t<div class=\"elementor-element elementor-element-31458a3 e-con-full e-flex pxl-column-none pxl-row-scroll-none pxl-zoom-point-false pxl-section-overflow-visible pxl-section-fix-none pxl-full-content-with-space-none pxl-bg-color-none pxl-section-overlay-none e-con e-child\" data-id=\"31458a3\" data-element_type=\"container\" data-e-type=\"container\">\t\t<div class=\"elementor-element elementor-element-bdf6d18 elementor-widget elementor-widget-pxl_banner_box\" data-id=\"bdf6d18\" data-element_type=\"widget\" data-e-type=\"widget\" data-widget_type=\"pxl_banner_box.default\">\n\t\t\t\t<div class=\"elementor-widget-container\">\n\t\t\t\t\t\r\n<div id=\"pxl_banner_box-bdf6d18-4951\" class=\"pxl-banner-box pxl-banner-box1\" data-wow-delay=\"ms\">\r\n    <div class=\"pxl-banner-inner\">\r\n        <div class=\"row\">\r\n            <!-- Image Section -->\r\n            <div class=\"col-md-4 pxl-inner-section\">\r\n                            <\/div>\r\n\r\n            <!-- Content Section -->\r\n            <div class=\"col-md-8 pxl-inner-section\">\r\n                <div class=\"pxl-item-content\">\r\n                                            <div class=\"pxl-item-number\">\r\n                            1                        <\/div>\r\n                    \r\n                    <div class=\"pxl-content-heading\">\r\n                                                    <h3 class=\"pxl-item-title\">\r\n                                Dr.ALAA ALASSI                            <\/h3>\r\n                                                                            <div class=\"pxl-sub-title\">\r\n                                Founder &amp; Manager                            <\/div>\r\n                                            <\/div>\r\n\r\n                    <div class=\"pxl-content-expertise\">\r\n                                                                    <\/div>\r\n\r\n                    \r\n                                            <div class=\"pxl-social--wrap\">\r\n                            <div class=\"pxl-social--icon\">\r\n                                                                                                        <a href=\"#\" target=\"_blank\" rel=\"noopener noreferrer\">\r\n                                        <i class=\"fab fa-facebook-f\"><\/i>\r\n                                    <\/a>\r\n                                                                                                        <a href=\"#\" target=\"_blank\" rel=\"noopener noreferrer\">\r\n                                        <i class=\"fab fa-twitter\"><\/i>\r\n                                    <\/a>\r\n                                                                                                        <a href=\"#\" target=\"_blank\" rel=\"noopener noreferrer\">\r\n                                        <i class=\"fab fa-youtube\"><\/i>\r\n                                    <\/a>\r\n                                                            <\/div>\r\n                        <\/div>\r\n                    \r\n                <\/div>\r\n            <\/div>\r\n        <\/div>\r\n    <\/div>\r\n<\/div>\t\t\t\t<\/div>\n\t\t\t\t<\/div>\n\t\t\t\t<\/div>\r\n\t\t<div class=\"elementor-element elementor-element-6310eef e-con-full e-flex pxl-column-none pxl-row-scroll-none pxl-zoom-point-false pxl-section-overflow-visible pxl-section-fix-none pxl-full-content-with-space-none pxl-bg-color-none pxl-section-overlay-none e-con e-child\" data-id=\"6310eef\" data-element_type=\"container\" data-e-type=\"container\">\t\t<div class=\"elementor-element elementor-element-79f264e elementor-widget elementor-widget-pxl_banner_box\" data-id=\"79f264e\" data-element_type=\"widget\" data-e-type=\"widget\" data-widget_type=\"pxl_banner_box.default\">\n\t\t\t\t<div class=\"elementor-widget-container\">\n\t\t\t\t\t\r\n<div id=\"pxl_banner_box-79f264e-9300\" class=\"pxl-banner-box pxl-banner-box1\" data-wow-delay=\"ms\">\r\n    <div class=\"pxl-banner-inner\">\r\n        <div class=\"row\">\r\n            <!-- Image Section -->\r\n            <div class=\"col-md-4 pxl-inner-section\">\r\n                            <\/div>\r\n\r\n            <!-- Content Section -->\r\n            <div class=\"col-md-8 pxl-inner-section\">\r\n                <div class=\"pxl-item-content\">\r\n                                            <div class=\"pxl-item-number\">\r\n                            2                        <\/div>\r\n                    \r\n                    <div class=\"pxl-content-heading\">\r\n                                                    <h3 class=\"pxl-item-title\">\r\n                                Dt. SONDOS \u015eAMLIO\u011eLU                            <\/h3>\r\n                                                                            <div class=\"pxl-sub-title\">\r\n                                Di\u015f Hekimi                            <\/div>\r\n                                            <\/div>\r\n\r\n                    <div class=\"pxl-content-expertise\">\r\n                                                                    <\/div>\r\n\r\n                    \r\n                                            <div class=\"pxl-social--wrap\">\r\n                            <div class=\"pxl-social--icon\">\r\n                                                                                                        <a href=\"#\" target=\"_blank\" rel=\"noopener noreferrer\">\r\n                                        <i class=\"fab fa-facebook-f\"><\/i>\r\n                                    <\/a>\r\n                                                                                                        <a href=\"#\" target=\"_blank\" rel=\"noopener noreferrer\">\r\n                                        <i class=\"fab fa-twitter\"><\/i>\r\n                                    <\/a>\r\n                                                                                                        <a href=\"#\" target=\"_blank\" rel=\"noopener noreferrer\">\r\n                                        <i class=\"fab fa-youtube\"><\/i>\r\n                                    <\/a>\r\n                                                            <\/div>\r\n                        <\/div>\r\n                    \r\n                <\/div>\r\n            <\/div>\r\n        <\/div>\r\n    <\/div>\r\n<\/div>\t\t\t\t<\/div>\n\t\t\t\t<\/div>\n\t\t\t\t<\/div>\r\n\t\t<div class=\"elementor-element elementor-element-3dfbfc0 e-con-full e-flex pxl-column-none pxl-row-scroll-none pxl-zoom-point-false pxl-section-overflow-visible pxl-section-fix-none pxl-full-content-with-space-none pxl-bg-color-none pxl-section-overlay-none e-con e-child\" data-id=\"3dfbfc0\" data-element_type=\"container\" data-e-type=\"container\">\t\t<div class=\"elementor-element elementor-element-11517ae elementor-widget elementor-widget-pxl_banner_box\" data-id=\"11517ae\" data-element_type=\"widget\" data-e-type=\"widget\" data-widget_type=\"pxl_banner_box.default\">\n\t\t\t\t<div class=\"elementor-widget-container\">\n\t\t\t\t\t\r\n<div id=\"pxl_banner_box-11517ae-7376\" class=\"pxl-banner-box pxl-banner-box1\" data-wow-delay=\"ms\">\r\n    <div class=\"pxl-banner-inner\">\r\n        <div class=\"row\">\r\n            <!-- Image Section -->\r\n            <div class=\"col-md-4 pxl-inner-section\">\r\n                            <\/div>\r\n\r\n            <!-- Content Section -->\r\n            <div class=\"col-md-8 pxl-inner-section\">\r\n                <div class=\"pxl-item-content\">\r\n                                            <div class=\"pxl-item-number\">\r\n                            3                        <\/div>\r\n                    \r\n                    <div class=\"pxl-content-heading\">\r\n                                                    <h3 class=\"pxl-item-title\">\r\n                                Dt.H\u00fcsameddin HEK\u0130MO\u011eLU                            <\/h3>\r\n                                                                            <div class=\"pxl-sub-title\">\r\n                                Di\u015f Hekimi                            <\/div>\r\n                                            <\/div>\r\n\r\n                    <div class=\"pxl-content-expertise\">\r\n                                                                    <\/div>\r\n\r\n                    \r\n                                            <div class=\"pxl-social--wrap\">\r\n                            <div class=\"pxl-social--icon\">\r\n                                                                                                        <a href=\"#\" target=\"_blank\" rel=\"noopener noreferrer\">\r\n                                        <i class=\"fab fa-facebook-f\"><\/i>\r\n                                    <\/a>\r\n                                                                                                        <a href=\"#\" target=\"_blank\" rel=\"noopener noreferrer\">\r\n                                        <i class=\"fab fa-twitter\"><\/i>\r\n                                    <\/a>\r\n                                                                                                        <a href=\"#\" target=\"_blank\" rel=\"noopener noreferrer\">\r\n                                        <i class=\"fab fa-youtube\"><\/i>\r\n                                    <\/a>\r\n                                                            <\/div>\r\n                        <\/div>\r\n                    \r\n                <\/div>\r\n            <\/div>\r\n        <\/div>\r\n    <\/div>\r\n<\/div>\t\t\t\t<\/div>\n\t\t\t\t<\/div>\n\t\t\t\t<\/div>\r\n\t\t\t\t\t<\/div>\r\n\t\t\t\t<\/div>\r\n\t\t\t\t<\/div>","protected":false},"excerpt":{"rendered":"<p>1 Dr.ALAA ALASSI Founder &amp; Manager 2 Dt. SONDOS \u015eAMLIO\u011eLU Di\u015f Hekimi 3 Dt.H\u00fcsameddin HEK\u0130MO\u011eLU Di\u015f Hekimi<\/p>","protected":false},"author":2,"featured_media":0,"parent":0,"menu_order":0,"comment_status":"closed","ping_status":"closed","template":"","meta":{"_acf_changed":false,"footnotes":""},"class_list":["post-154","page","type-page","status-publish","hentry"],"acf":[],"_links":{"self":[{"href":"https:\/\/turkey-clinic.com\/fr\/wp-json\/wp\/v2\/pages\/154","targetHints":{"allow":["GET"]}}],"collection":[{"href":"https:\/\/turkey-clinic.com\/fr\/wp-json\/wp\/v2\/pages"}],"about":[{"href":"https:\/\/turkey-clinic.com\/fr\/wp-json\/wp\/v2\/types\/page"}],"author":[{"embeddable":true,"href":"https:\/\/turkey-clinic.com\/fr\/wp-json\/wp\/v2\/users\/2"}],"replies":[{"embeddable":true,"href":"https:\/\/turkey-clinic.com\/fr\/wp-json\/wp\/v2\/comments?post=154"}],"version-history":[{"count":6,"href":"https:\/\/turkey-clinic.com\/fr\/wp-json\/wp\/v2\/pages\/154\/revisions"}],"predecessor-version":[{"id":4623,"href":"https:\/\/turkey-clinic.com\/fr\/wp-json\/wp\/v2\/pages\/154\/revisions\/4623"}],"wp:attachment":[{"href":"https:\/\/turkey-clinic.com\/fr\/wp-json\/wp\/v2\/media?parent=154"}],"curies":[{"name":"wp","href":"https:\/\/api.w.org\/{rel}","templated":true}]}}